{"id":6847,"date":"2021-07-06T07:39:18","date_gmt":"2021-07-06T07:39:18","guid":{"rendered":"https:\/\/promeca.info\/contact\/"},"modified":"2021-09-16T08:02:16","modified_gmt":"2021-09-16T08:02:16","slug":"contact","status":"publish","type":"page","link":"https:\/\/promeca.info\/fr\/contact\/","title":{"rendered":"Contact"},"content":{"rendered":"<p>[vc_row full_width=&#8221;stretch_row&#8221; row_overlay=&#8221;dark&#8221; css=&#8221;.vc_custom_1621936575498{background-image: url(https:\/\/promeca.info\/wp-content\/uploads\/2020\/03\/green-leaf-1048033-scaled.jpg?id=6289) !important;background-position: center !important;background-repeat: no-repeat !important;background-size: cover !important;}&#8221; el_class=&#8221;headerImg&#8221;][vc_column css=&#8221;.vc_custom_1621239962771{margin-top: 10% !important;}&#8221;]<div class=\"section-title-wrapper ttlHeader text-center shortcode-rand-1 breno-inline-css\" data-css=\"&quot;.shortcode-rand-1 .background-title { font-family:Lato;font-weight:900;font-style:normal }.shortcode-rand-1 .title-separator.separator-border,.section-title-wrapper .title-separator.separator-border:after, .section-title-wrapper .title-separator.separator-border:before { background-color: #ffffff; }.shortcode-rand-1.section-title-wrapper { color: #000000; }.shortcode-rand-1.section-title-wrapper .sub-title { color: #ffffff; }.shortcode-rand-1 .section-title { color: #ffffff; font-size: 64px; text-transform: uppercase; }&quot;\"><div class=\"title-wrap\"><h1 class=\"section-title\">Contact<\/h1><span class=\"sub-title\">\u00c0 votre disposition<\/span><span class=\"title-separator separator-border theme-color-bg\"><\/span><\/div><!-- .title-wrap --><div class=\"section-description\"><\/div><!-- .section-description --><div class=\"button-section\"><\/div><!-- .button-section --><\/div><!-- .section-title-wrapper -->[\/vc_column][\/vc_row][vc_row css=&#8221;.vc_custom_1603445595165{margin-top: 5% !important;padding-top: 0px !important;padding-bottom: 0px !important;}&#8221;][vc_column]<div class=\"section-title-wrapper shortcode-rand-2 breno-inline-css\" data-css=\"&quot;.shortcode-rand-2 .background-title { font-family:Lato;font-weight:700;font-style:normal }.shortcode-rand-2 .title-separator.separator-border,.section-title-wrapper .title-separator.separator-border:after, .section-title-wrapper .title-separator.separator-border:before { background-color: #5fab49; }.shortcode-rand-2.section-title-wrapper { color: #000000; }.shortcode-rand-2 .section-title { color: #000000; font-size: 35px; text-transform: none; }&quot;\"><div class=\"title-wrap\"><h2 class=\"section-title\">Une demande, une question? Nous sommes \u00e0 votre disposition<\/h2><span class=\"title-separator separator-border theme-color-bg\"><\/span><\/div><!-- .title-wrap --><div class=\"section-description\"><\/div><!-- .section-description --><div class=\"button-section\"><\/div><!-- .button-section --><\/div><!-- .section-title-wrapper -->[\/vc_column][\/vc_row][vc_row full_width=&#8221;stretch_row_content&#8221; css=&#8221;.vc_custom_1621329685287{padding-top: 0px !important;}&#8221;][vc_column]\n<div class=\"wpcf7 no-js\" id=\"wpcf7-f6855-o1\" lang=\"es-ES\" dir=\"ltr\" data-wpcf7-id=\"6855\">\n<div class=\"screen-reader-response\"><p role=\"status\" aria-live=\"polite\" aria-atomic=\"true\"><\/p> <ul><\/ul><\/div>\n<form action=\"\/fr\/wp-json\/wp\/v2\/pages\/6847#wpcf7-f6855-o1\" method=\"post\" class=\"wpcf7-form init cf7mls-no-scroll cf7mls-no-moving-animation\" aria-label=\"Contact form\" novalidate=\"novalidate\" data-status=\"init\">\n<div style=\"display: none;\">\n<input type=\"hidden\" name=\"_wpcf7\" value=\"6855\" \/>\n<input type=\"hidden\" name=\"_wpcf7_version\" value=\"6.0.4\" \/>\n<input type=\"hidden\" name=\"_wpcf7_locale\" value=\"es_ES\" \/>\n<input type=\"hidden\" name=\"_wpcf7_unit_tag\" value=\"wpcf7-f6855-o1\" \/>\n<input type=\"hidden\" name=\"_wpcf7_container_post\" value=\"0\" \/>\n<input type=\"hidden\" name=\"_wpcf7_posted_data_hash\" value=\"\" \/>\n<input type=\"hidden\" name=\"_wpcf7_recaptcha_response\" value=\"\" \/>\n<\/div>\n<div id=\"responsive-form\" class=\"clearfix\">\n\t<div class=\"form-row\">\n\t\t<div class=\"column-half\">\n\t\t\t<p>Nom <span class=\"verde\">*<\/span><span class=\"wpcf7-form-control-wrap\" data-name=\"nombre\"><input size=\"40\" maxlength=\"400\" class=\"wpcf7-form-control wpcf7-text wpcf7-validates-as-required\" aria-required=\"true\" aria-invalid=\"false\" value=\"\" type=\"text\" name=\"nombre\" \/><\/span>\n\t\t\t<\/p>\n\t\t<\/div>\n\t\t<div class=\"column-half\">\n\t\t\t<p>Email <span class=\"verde\">*<\/span><span class=\"wpcf7-form-control-wrap\" data-name=\"email\"><input size=\"40\" maxlength=\"400\" class=\"wpcf7-form-control wpcf7-email wpcf7-validates-as-required wpcf7-text wpcf7-validates-as-email\" aria-required=\"true\" aria-invalid=\"false\" value=\"\" type=\"email\" name=\"email\" \/><\/span>\n\t\t\t<\/p>\n\t\t<\/div>\n\t<\/div>\n\t<div class=\"form-row\">\n\t\t<div class=\"column-half\">\n\t\t\t<p>Entreprise<span class=\"wpcf7-form-control-wrap\" data-name=\"empresa\"><input size=\"40\" maxlength=\"400\" class=\"wpcf7-form-control wpcf7-text\" aria-invalid=\"false\" value=\"\" type=\"text\" name=\"empresa\" \/><\/span>\n\t\t\t<\/p>\n\t\t<\/div>\n\t\t<div class=\"column-half\">\n\t\t\t<p>T\u00e9l\u00e9phone<span class=\"wpcf7-form-control-wrap\" data-name=\"telefono\"><input size=\"40\" maxlength=\"12\" minlength=\"9\" class=\"wpcf7-form-control wpcf7-tel wpcf7-validates-as-required wpcf7-text wpcf7-validates-as-tel\" aria-required=\"true\" aria-invalid=\"false\" value=\"\" type=\"tel\" name=\"telefono\" \/><\/span>\n\t\t\t<\/p>\n\t\t<\/div>\n\t<\/div>\n\t<div class=\"form-row\">\n\t\t<div class=\"column-full\">\n\t\t\t<p>Message <span class=\"verde\">*<\/span><span class=\"wpcf7-form-control-wrap\" data-name=\"mensaje\"><textarea cols=\"40\" rows=\"10\" maxlength=\"2000\" class=\"wpcf7-form-control wpcf7-textarea wpcf7-validates-as-required\" aria-required=\"true\" aria-invalid=\"false\" name=\"mensaje\"><\/textarea><\/span>\n\t\t\t<\/p>\n\t\t<\/div>\n\t<\/div>\n\t<div class=\"form-row\">\n\t\t<div class=\"column-full\">\n\t\t\t<p><span class=\"wpcf7-form-control-wrap\" data-name=\"aceptacion\"><span class=\"wpcf7-form-control wpcf7-acceptance\"><span class=\"wpcf7-list-item\"><label><input type=\"checkbox\" name=\"aceptacion\" value=\"1\" aria-invalid=\"false\" \/><span class=\"wpcf7-list-item-label\">Si vous cliquez sur \u201cenvoyer\u201d, vous acceptez notre <a style=\"color: #4a8539; text-decoration: underline;\" href=\"\/politica-de-privacidad\"Pol\u00edtica\">politique de confidentialit\u00e9<\/a> pour utiliser vos coordonn\u00e9es afin de r\u00e9pondre \u00e0 vos demandes.<\/span><\/label><\/span><\/span><\/span>\n\t\t\t<\/p>\n\t\t<\/div>\n\t<\/div>\n\t<div class=\"form-row\">\n\t\t<div class=\"column-full btnEnviar\">\n\t\t\t<p><input class=\"wpcf7-form-control wpcf7-submit has-spinner\" type=\"submit\" value=\"Envoyer\" \/>\n\t\t\t<\/p>\n\t\t<\/div>\n\t<\/div>\n<\/div>\n<!--end responsive-form--><div class=\"wpcf7-response-output\" aria-hidden=\"true\"><\/div>\n<\/form>\n<\/div>\n[\/vc_column][\/vc_row][vc_row full_width=&#8221;stretch_row_content_no_spaces&#8221; css=&#8221;.vc_custom_1623743119464{margin-bottom: 0px !important;padding-top: 0px !important;padding-bottom: 0px !important;}&#8221;][vc_column][vc_raw_html css=&#8221;.vc_custom_1603716415848{margin-bottom: 0px !important;padding-bottom: 0px !important;}&#8221;]PGRpdiBjbGFzcz0idWJpY2FjaW9uIiBzdHlsZT0iaGVpZ2h0OjQyNXB4OyB3aWR0aDoxMDAlOyBkaXNwbGF5OmJsb2NrOyBvdmVyZmxvdzpoaWRkZW47Ij4NCjxpZnJhbWUgIHN0eWxlPSJwb3NpdGlvbjpyZWxhdGl2ZTsgdG9wOi01NHB4OyBib3JkZXI6bm9uZTsiIHNyYz0iaHR0cHM6Ly93d3cuZ29vZ2xlLmNvbS9tYXBzL2QvZW1iZWQ\/bWlkPTE5X0ZhMFNvc0NFSXJ1TUFCWk40TWdIai1FaE5TLXA3RiZobD1lcyIgd2lkdGg9IjEwMCUiIGhlaWdodD0iNDgwIj48L2lmcmFtZT4NCjwvZGl2Pg0K[\/vc_raw_html][\/vc_column][\/vc_row]<\/p>\n","protected":false},"excerpt":{"rendered":"<p>[vc_row full_width=&#8221;stretch_row&#8221; row_overlay=&#8221;dark&#8221; css=&#8221;.vc_custom_1621936575498{background-image: url(https:\/\/promeca.info\/wp-content\/uploads\/2020\/03\/green-leaf-1048033-scaled.jpg?id=6289) !important;background-position: center !important;background-repeat: no-repeat !important;background-size: cover !important;}&#8221; el_class=&#8221;headerImg&#8221;][vc_column css=&#8221;.vc_custom_1621239962771{margin-top: 10% !important;}&#8221;][\/vc_column][\/vc_row][vc_row css=&#8221;.vc_custom_1603445595165{margin-top: 5% !important;padding-top: 0px !important;padding-bottom: 0px !important;}&#8221;][vc_column][\/vc_column][\/vc_row][vc_row full_width=&#8221;stretch_row_content&#8221; css=&#8221;.vc_custom_1621329685287{padding-top: 0px !important;}&#8221;][vc_column][\/vc_column][\/vc_row][vc_row full_width=&#8221;stretch_row_content_no_spaces&#8221; css=&#8221;.vc_custom_1623743119464{margin-bottom: 0px !important;padding-top: 0px !important;padding-bottom: 0px !important;}&#8221;][vc_column][vc_raw_html css=&#8221;.vc_custom_1603716415848{margin-bottom: 0px !important;padding-bottom: 0px !important;}&#8221;]PGRpdiBjbGFzcz0idWJpY2FjaW9uIiBzdHlsZT0iaGVpZ2h0OjQyNXB4OyB3aWR0aDoxMDAlOyBkaXNwbGF5OmJsb2NrOyBvdmVyZmxvdzpoaWRkZW47Ij4NCjxpZnJhbWUgIHN0eWxlPSJwb3NpdGlvbjpyZWxhdGl2ZTsgdG9wOi01NHB4OyBib3JkZXI6bm9uZTsiIHNyYz0iaHR0cHM6Ly93d3cuZ29vZ2xlLmNvbS9tYXBzL2QvZW1iZWQ\/bWlkPTE5X0ZhMFNvc0NFSXJ1TUFCWk40TWdIai1FaE5TLXA3RiZobD1lcyIgd2lkdGg9IjEwMCUiIGhlaWdodD0iNDgwIj48L2lmcmFtZT4NCjwvZGl2Pg0K[\/vc_raw_html][\/vc_column][\/vc_row]<\/p>\n","protected":false},"author":1,"featured_media":0,"parent":0,"menu_order":0,"comment_status":"closed","ping_status":"closed","template":"","meta":{"footnotes":""},"class_list":["post-6847","page","type-page","status-publish","hentry"],"yoast_head":"<!-- This site is optimized with the Yoast SEO plugin v24.6 - https:\/\/yoast.com\/wordpress\/plugins\/seo\/ -->\n<title>Un demande, une question? Nous sommes \u00e0 votre disposition<\/title>\n<meta name=\"description\" content=\"Remplissez le formulaire ci-dessous que nous mettons \u00e0 votre disposition et nous vous r\u00e9pondrons dans les plus brefs d\u00e9lais.\" \/>\n<meta name=\"robots\" content=\"index, follow, max-snippet:-1, max-image-preview:large, max-video-preview:-1\" \/>\n<link rel=\"canonical\" href=\"https:\/\/promeca.info\/contacto\/\" \/>\n<meta property=\"og:locale\" content=\"fr_FR\" \/>\n<meta property=\"og:type\" content=\"article\" \/>\n<meta property=\"og:title\" content=\"Un demande, une question? Nous sommes \u00e0 votre disposition\" \/>\n<meta property=\"og:description\" content=\"Remplissez le formulaire ci-dessous que nous mettons \u00e0 votre disposition et nous vous r\u00e9pondrons dans les plus brefs d\u00e9lais.\" \/>\n<meta property=\"og:url\" content=\"https:\/\/promeca.info\/contacto\/\" \/>\n<meta property=\"og:site_name\" content=\"Promeca\" \/>\n<meta property=\"article:modified_time\" content=\"2021-09-16T08:02:16+00:00\" \/>\n<meta property=\"og:image\" content=\"https:\/\/promeca.info\/wp-content\/uploads\/2021\/04\/logo-promeca-transparente.png\" \/>\n\t<meta property=\"og:image:width\" content=\"1621\" \/>\n\t<meta property=\"og:image:height\" content=\"500\" \/>\n\t<meta property=\"og:image:type\" content=\"image\/png\" \/>\n<meta name=\"twitter:card\" content=\"summary_large_image\" \/>\n<meta name=\"twitter:label1\" content=\"Est. reading time\" \/>\n\t<meta name=\"twitter:data1\" content=\"1 minute\" \/>\n<script type=\"application\/ld+json\" class=\"yoast-schema-graph\">{\"@context\":\"https:\/\/schema.org\",\"@graph\":[{\"@type\":\"WebPage\",\"@id\":\"https:\/\/promeca.info\/contacto\/\",\"url\":\"https:\/\/promeca.info\/contacto\/\",\"name\":\"Un demande, une question? Nous sommes \u00e0 votre disposition\",\"isPartOf\":{\"@id\":\"https:\/\/promeca.info\/#website\"},\"datePublished\":\"2021-07-06T07:39:18+00:00\",\"dateModified\":\"2021-09-16T08:02:16+00:00\",\"description\":\"Remplissez le formulaire ci-dessous que nous mettons \u00e0 votre disposition et nous vous r\u00e9pondrons dans les plus brefs d\u00e9lais.\",\"breadcrumb\":{\"@id\":\"https:\/\/promeca.info\/contacto\/#breadcrumb\"},\"inLanguage\":\"fr-FR\",\"potentialAction\":[{\"@type\":\"ReadAction\",\"target\":[\"https:\/\/promeca.info\/contacto\/\"]}]},{\"@type\":\"BreadcrumbList\",\"@id\":\"https:\/\/promeca.info\/contacto\/#breadcrumb\",\"itemListElement\":[{\"@type\":\"ListItem\",\"position\":1,\"name\":\"Portada\",\"item\":\"https:\/\/promeca.info\/\"},{\"@type\":\"ListItem\",\"position\":2,\"name\":\"Contact\"}]},{\"@type\":\"WebSite\",\"@id\":\"https:\/\/promeca.info\/#website\",\"url\":\"https:\/\/promeca.info\/\",\"name\":\"Promeca\",\"description\":\"Protecci\u00f3n medioambiental\",\"publisher\":{\"@id\":\"https:\/\/promeca.info\/#organization\"},\"potentialAction\":[{\"@type\":\"SearchAction\",\"target\":{\"@type\":\"EntryPoint\",\"urlTemplate\":\"https:\/\/promeca.info\/?s={search_term_string}\"},\"query-input\":{\"@type\":\"PropertyValueSpecification\",\"valueRequired\":true,\"valueName\":\"search_term_string\"}}],\"inLanguage\":\"fr-FR\"},{\"@type\":\"Organization\",\"@id\":\"https:\/\/promeca.info\/#organization\",\"name\":\"Promeca\",\"url\":\"https:\/\/promeca.info\/\",\"logo\":{\"@type\":\"ImageObject\",\"inLanguage\":\"fr-FR\",\"@id\":\"https:\/\/promeca.info\/#\/schema\/logo\/image\/\",\"url\":\"https:\/\/promeca.itresweb.com\/wp-content\/uploads\/2020\/02\/logo-promeca.jpg\",\"contentUrl\":\"https:\/\/promeca.itresweb.com\/wp-content\/uploads\/2020\/02\/logo-promeca.jpg\",\"width\":1621,\"height\":500,\"caption\":\"Promeca\"},\"image\":{\"@id\":\"https:\/\/promeca.info\/#\/schema\/logo\/image\/\"}}]}<\/script>\n<!-- \/ Yoast SEO plugin. -->","yoast_head_json":{"title":"Un demande, une question? Nous sommes \u00e0 votre disposition","description":"Remplissez le formulaire ci-dessous que nous mettons \u00e0 votre disposition et nous vous r\u00e9pondrons dans les plus brefs d\u00e9lais.","robots":{"index":"index","follow":"follow","max-snippet":"max-snippet:-1","max-image-preview":"max-image-preview:large","max-video-preview":"max-video-preview:-1"},"canonical":"https:\/\/promeca.info\/contacto\/","og_locale":"fr_FR","og_type":"article","og_title":"Un demande, une question? Nous sommes \u00e0 votre disposition","og_description":"Remplissez le formulaire ci-dessous que nous mettons \u00e0 votre disposition et nous vous r\u00e9pondrons dans les plus brefs d\u00e9lais.","og_url":"https:\/\/promeca.info\/contacto\/","og_site_name":"Promeca","article_modified_time":"2021-09-16T08:02:16+00:00","og_image":[{"width":1621,"height":500,"url":"https:\/\/promeca.info\/wp-content\/uploads\/2021\/04\/logo-promeca-transparente.png","type":"image\/png"}],"twitter_card":"summary_large_image","twitter_misc":{"Est. reading time":"1 minute"},"schema":{"@context":"https:\/\/schema.org","@graph":[{"@type":"WebPage","@id":"https:\/\/promeca.info\/contacto\/","url":"https:\/\/promeca.info\/contacto\/","name":"Un demande, une question? Nous sommes \u00e0 votre disposition","isPartOf":{"@id":"https:\/\/promeca.info\/#website"},"datePublished":"2021-07-06T07:39:18+00:00","dateModified":"2021-09-16T08:02:16+00:00","description":"Remplissez le formulaire ci-dessous que nous mettons \u00e0 votre disposition et nous vous r\u00e9pondrons dans les plus brefs d\u00e9lais.","breadcrumb":{"@id":"https:\/\/promeca.info\/contacto\/#breadcrumb"},"inLanguage":"fr-FR","potentialAction":[{"@type":"ReadAction","target":["https:\/\/promeca.info\/contacto\/"]}]},{"@type":"BreadcrumbList","@id":"https:\/\/promeca.info\/contacto\/#breadcrumb","itemListElement":[{"@type":"ListItem","position":1,"name":"Portada","item":"https:\/\/promeca.info\/"},{"@type":"ListItem","position":2,"name":"Contact"}]},{"@type":"WebSite","@id":"https:\/\/promeca.info\/#website","url":"https:\/\/promeca.info\/","name":"Promeca","description":"Protecci\u00f3n medioambiental","publisher":{"@id":"https:\/\/promeca.info\/#organization"},"potentialAction":[{"@type":"SearchAction","target":{"@type":"EntryPoint","urlTemplate":"https:\/\/promeca.info\/?s={search_term_string}"},"query-input":{"@type":"PropertyValueSpecification","valueRequired":true,"valueName":"search_term_string"}}],"inLanguage":"fr-FR"},{"@type":"Organization","@id":"https:\/\/promeca.info\/#organization","name":"Promeca","url":"https:\/\/promeca.info\/","logo":{"@type":"ImageObject","inLanguage":"fr-FR","@id":"https:\/\/promeca.info\/#\/schema\/logo\/image\/","url":"https:\/\/promeca.itresweb.com\/wp-content\/uploads\/2020\/02\/logo-promeca.jpg","contentUrl":"https:\/\/promeca.itresweb.com\/wp-content\/uploads\/2020\/02\/logo-promeca.jpg","width":1621,"height":500,"caption":"Promeca"},"image":{"@id":"https:\/\/promeca.info\/#\/schema\/logo\/image\/"}}]}},"_links":{"self":[{"href":"https:\/\/promeca.info\/fr\/wp-json\/wp\/v2\/pages\/6847","targetHints":{"allow":["GET"]}}],"collection":[{"href":"https:\/\/promeca.info\/fr\/wp-json\/wp\/v2\/pages"}],"about":[{"href":"https:\/\/promeca.info\/fr\/wp-json\/wp\/v2\/types\/page"}],"author":[{"embeddable":true,"href":"https:\/\/promeca.info\/fr\/wp-json\/wp\/v2\/users\/1"}],"replies":[{"embeddable":true,"href":"https:\/\/promeca.info\/fr\/wp-json\/wp\/v2\/comments?post=6847"}],"version-history":[{"count":4,"href":"https:\/\/promeca.info\/fr\/wp-json\/wp\/v2\/pages\/6847\/revisions"}],"predecessor-version":[{"id":6864,"href":"https:\/\/promeca.info\/fr\/wp-json\/wp\/v2\/pages\/6847\/revisions\/6864"}],"wp:attachment":[{"href":"https:\/\/promeca.info\/fr\/wp-json\/wp\/v2\/media?parent=6847"}],"curies":[{"name":"wp","href":"https:\/\/api.w.org\/{rel}","templated":true}]}}